{"id":366,"date":"2019-08-15T01:19:30","date_gmt":"2019-08-14T23:19:30","guid":{"rendered":"http:\/\/www.utc.fr\/~bouchard\/wordpress\/?page_id=366"},"modified":"2025-10-15T14:20:56","modified_gmt":"2025-10-15T12:20:56","slug":"enseignement","status":"publish","type":"page","link":"https:\/\/www.utc.fr\/~bouchard\/wordpress\/enseignement\/","title":{"rendered":"Enseignement"},"content":{"rendered":"\n<p>&nbsp;<\/p>\n\n\n\n<figure class=\"wp-block-image aligncenter\"><a href=\"https:\/\/www.utc.fr\/\" target=\"_blank\" rel=\"noopener\"><img loading=\"lazy\" decoding=\"async\" width=\"300\" height=\"116\" src=\"http:\/\/www.utc.fr\/~bouchard\/wordpress\/wp-content\/uploads\/2019\/08\/utc-site-logo-300x116.png\" alt=\"\" class=\"wp-image-368\" srcset=\"https:\/\/www.utc.fr\/~bouchard\/wordpress\/wp-content\/uploads\/2019\/08\/utc-site-logo-300x116.png 300w, https:\/\/www.utc.fr\/~bouchard\/wordpress\/wp-content\/uploads\/2019\/08\/utc-site-logo-292x113.png 292w, https:\/\/www.utc.fr\/~bouchard\/wordpress\/wp-content\/uploads\/2019\/08\/utc-site-logo.png 361w\" sizes=\"auto, (max-width: 300px) 100vw, 300px\" \/><\/a><\/figure>\n\n\n\n<ul class=\"wp-block-list\">\n<li>Responsable du <a href=\"https:\/\/moodle.utc.fr\/course\/view.php?id=2281\" target=\"_blank\" rel=\"noopener\"><span style=\"text-decoration: underline;\">mineur\u00a0Technologies Culturelles Num\u00e9riques\u00a0<\/span><\/a>(TCN)<br><a href=\"http:\/\/vimeo.com\/33707748\" target=\"_blank\" rel=\"noopener\"><span style=\"text-decoration: underline;\">Vid\u00e9o de pr\u00e9sentation<\/span><\/a> du mineur<\/li>\n\n\n\n<li>\u00c9criture interactive et multim\u00e9dia (<a href=\"https:\/\/moodle.utc.fr\/enrol\/index.php?id=2041\" target=\"_blank\" rel=\"noopener\"><span style=\"text-decoration: underline;\">UV SI 28<\/span><\/a>) : depuis 1999<br>\u00c0 destination des \u00e9l\u00e8ves-ing\u00e9nieurs et des \u00e9tudiants en master UxD<\/li>\n\n\n\n<li>Master Sciences et Technologies &#8211; sp\u00e9cialit\u00e9 Conception-r\u00e9daction de documentation technique : 2000-2012<br>En pr\u00e9sentiel et \u00e0 distance sous Lotus Notes Learning Space<\/li>\n\n\n\n<li>Internet dans l&rsquo;enseignement des langues : 1998-2007<br>Formation continue &#8211; \u00e0 destination des enseignants de langues<\/li>\n\n\n\n<li>Communication \u00e9crite (UV SI 10) : 1997-2000<br>\u00c0 destination des \u00e9l\u00e8ves-ing\u00e9nieurs<\/li>\n<\/ul>\n","protected":false},"excerpt":{"rendered":"<p>&nbsp;<\/p>\n","protected":false},"author":1,"featured_media":0,"parent":0,"menu_order":0,"comment_status":"closed","ping_status":"closed","template":"","meta":{"footnotes":""},"class_list":["post-366","page","type-page","status-publish","hentry"],"_links":{"self":[{"href":"https:\/\/www.utc.fr\/~bouchard\/wordpress\/wp-json\/wp\/v2\/pages\/366","targetHints":{"allow":["GET"]}}],"collection":[{"href":"https:\/\/www.utc.fr\/~bouchard\/wordpress\/wp-json\/wp\/v2\/pages"}],"about":[{"href":"https:\/\/www.utc.fr\/~bouchard\/wordpress\/wp-json\/wp\/v2\/types\/page"}],"author":[{"embeddable":true,"href":"https:\/\/www.utc.fr\/~bouchard\/wordpress\/wp-json\/wp\/v2\/users\/1"}],"replies":[{"embeddable":true,"href":"https:\/\/www.utc.fr\/~bouchard\/wordpress\/wp-json\/wp\/v2\/comments?post=366"}],"version-history":[{"count":20,"href":"https:\/\/www.utc.fr\/~bouchard\/wordpress\/wp-json\/wp\/v2\/pages\/366\/revisions"}],"predecessor-version":[{"id":1054,"href":"https:\/\/www.utc.fr\/~bouchard\/wordpress\/wp-json\/wp\/v2\/pages\/366\/revisions\/1054"}],"wp:attachment":[{"href":"https:\/\/www.utc.fr\/~bouchard\/wordpress\/wp-json\/wp\/v2\/media?parent=366"}],"curies":[{"name":"wp","href":"https:\/\/api.w.org\/{rel}","templated":true}]}}