{"id":375,"date":"2019-08-15T01:27:07","date_gmt":"2019-08-14T23:27:07","guid":{"rendered":"http:\/\/www.utc.fr\/~bouchard\/wordpress\/?page_id=375"},"modified":"2025-10-16T19:04:09","modified_gmt":"2025-10-16T17:04:09","slug":"cv","status":"publish","type":"page","link":"https:\/\/www.utc.fr\/~bouchard\/wordpress\/cv\/","title":{"rendered":"CV"},"content":{"rendered":"\n<div class=\"wp-block-group is-layout-flex wp-container-core-group-is-layout-d0921e6e wp-block-group-is-layout-flex\">\n<div class=\"wp-block-group is-layout-constrained wp-container-core-group-is-layout-821c585e wp-block-group-is-layout-constrained\">\n<h2 id=\"toc-0\" class=\"wp-block-heading\">EXPERIENCE PROFESSIONNELLE<\/h2>\n\n\n\n<h3 id=\"toc-1\" class=\"wp-block-heading\"><span class=\"accent-1\">\u2013 Depuis 2014 :<\/span><\/h3>\n\n\n\n<p><strong>Professeur des Universit\u00e9s<\/strong>&nbsp;\u00e0 l&rsquo;Universit\u00e9 de Technologie de Compi\u00e8gne<\/p>\n\n\n\n<h3 id=\"toc-2\" class=\"wp-block-heading\"><span class=\"accent-1\">\u2013 2007 &#8211; 2014 :<\/span><\/h3>\n\n\n\n<p><strong>Ma\u00eetre de Conf\u00e9rences<\/strong>&nbsp;\u00e0 l&rsquo;Universit\u00e9 de Technologie de Compi\u00e8gne<\/p>\n\n\n\n<h3 id=\"toc-3\" class=\"wp-block-heading\"><span class=\"accent-1\">\u2013 1997 &#8211; 2006 :<\/span><\/h3>\n\n\n\n<p><strong>Enseignant<\/strong>&nbsp;(PRAG) \u00e0 l&rsquo;Universit\u00e9 de Technologie de Compi\u00e8gne<\/p>\n\n\n\n<h3 id=\"toc-4\" class=\"wp-block-heading\"><span class=\"accent-1\">\u2013&nbsp;1990-1996 : <\/span><\/h3>\n\n\n\n<p><strong>Chef de projet<\/strong>&nbsp;dans l&rsquo;industrie du multim\u00e9dia \u00e9ducatif (\u00e0 Paris et \u00e0 New York)<\/p>\n\n\n\n<h3 id=\"toc-5\" class=\"wp-block-heading\"><span class=\"accent-1\">\u2013&nbsp;1989-1990 :<\/span><\/h3>\n\n\n\n<p><strong>Enseignant<\/strong>&nbsp;de fran\u00e7ais<\/p>\n<\/div>\n\n\n\n<div class=\"wp-block-group is-layout-constrained wp-container-core-group-is-layout-821c585e wp-block-group-is-layout-constrained\">\n<h2 id=\"toc-6\" class=\"wp-block-heading\">    FORMATION<\/h2>\n\n\n\n<ul class=\"wp-block-list\">\n<li>Habilitation \u00e0 Diriger des Recherches en Sciences de l&rsquo;Information et de la Communication (2012)<\/li>\n\n\n\n<li>Th\u00e8se de Doctorat en Sciences de l&rsquo;Information et de la Communication (2005)<\/li>\n\n\n\n<li>DEA Sciences de l&rsquo;Homme et Technologie<\/li>\n\n\n\n<li>Agr\u00e9gation de Lettres Modernes<\/li>\n<\/ul>\n<\/div>\n<\/div>\n\n\n\n<h2 id=\"toc-7\" class=\"wp-block-heading\"><a href=\"http:\/\/www.utc.fr\/~bouchard\/Bouchardon-CV-court.pdf\">CV COURT A TELECHARGER \u2192<\/a><\/h2>\n","protected":false},"excerpt":{"rendered":"<p>EXPERIENCE PROFESSIONNELLE \u2013 Depuis 2014 : Professeur des Universit\u00e9s&nbsp;\u00e0 l&rsquo;Universit\u00e9 de Technologie de Compi\u00e8gne \u2013 2007 &#8211; 2014 : Ma\u00eetre de Conf\u00e9rences&nbsp;\u00e0 l&rsquo;Universit\u00e9 de Technologie de Compi\u00e8gne \u2013 1997 &#8211; 2006 : Enseignant&nbsp;(PRAG) \u00e0 l&rsquo;Universit\u00e9 de Technologie de Compi\u00e8gne \u2013&nbsp;1990-1996 : Chef de projet&nbsp;dans l&rsquo;industrie du multim\u00e9dia \u00e9ducatif (\u00e0 Paris et \u00e0 New York) \u2013&nbsp;1989-1990 [&hellip;]<\/p>\n","protected":false},"author":1,"featured_media":0,"parent":0,"menu_order":0,"comment_status":"closed","ping_status":"closed","template":"","meta":{"footnotes":""},"class_list":["post-375","page","type-page","status-publish","hentry"],"_links":{"self":[{"href":"https:\/\/www.utc.fr\/~bouchard\/wordpress\/wp-json\/wp\/v2\/pages\/375","targetHints":{"allow":["GET"]}}],"collection":[{"href":"https:\/\/www.utc.fr\/~bouchard\/wordpress\/wp-json\/wp\/v2\/pages"}],"about":[{"href":"https:\/\/www.utc.fr\/~bouchard\/wordpress\/wp-json\/wp\/v2\/types\/page"}],"author":[{"embeddable":true,"href":"https:\/\/www.utc.fr\/~bouchard\/wordpress\/wp-json\/wp\/v2\/users\/1"}],"replies":[{"embeddable":true,"href":"https:\/\/www.utc.fr\/~bouchard\/wordpress\/wp-json\/wp\/v2\/comments?post=375"}],"version-history":[{"count":35,"href":"https:\/\/www.utc.fr\/~bouchard\/wordpress\/wp-json\/wp\/v2\/pages\/375\/revisions"}],"predecessor-version":[{"id":1118,"href":"https:\/\/www.utc.fr\/~bouchard\/wordpress\/wp-json\/wp\/v2\/pages\/375\/revisions\/1118"}],"wp:attachment":[{"href":"https:\/\/www.utc.fr\/~bouchard\/wordpress\/wp-json\/wp\/v2\/media?parent=375"}],"curies":[{"name":"wp","href":"https:\/\/api.w.org\/{rel}","templated":true}]}}